{"id":3057,"date":"2023-11-07T18:15:30","date_gmt":"2023-11-07T21:15:30","guid":{"rendered":"http:\/\/dihoffmann.com.br\/?page_id=3057"},"modified":"2023-11-07T18:29:31","modified_gmt":"2023-11-07T21:29:31","slug":"colecao-verao-2024","status":"publish","type":"page","link":"http:\/\/dihoffmann.com.br\/?page_id=3057","title":{"rendered":"Cole\u00e7\u00e3o Ver\u00e3o 2024"},"content":{"rendered":"\t\t<div data-elementor-type=\"wp-post\" data-elementor-id=\"3057\" class=\"elementor elementor-3057\">\n\t\t\t\t<div class=\"elementor-element elementor-element-3d0d89b e-flex e-con-boxed e-con e-parent\" data-id=\"3d0d89b\" data-element_type=\"container\">\n\t\t\t\t\t<div class=\"e-con-inner\">\n\t\t\t\t\t<\/div>\n\t\t\t\t<\/div>\n\t\t\t\t<\/div>\n\t\t","protected":false},"excerpt":{"rendered":"","protected":false},"author":1,"featured_media":0,"parent":0,"menu_order":0,"comment_status":"closed","ping_status":"closed","template":"","meta":{"footnotes":""},"class_list":["post-3057","page","type-page","status-publish","hentry"],"jetpack_sharing_enabled":true,"_links":{"self":[{"href":"http:\/\/dihoffmann.com.br\/index.php?rest_route=\/wp\/v2\/pages\/3057","targetHints":{"allow":["GET"]}}],"collection":[{"href":"http:\/\/dihoffmann.com.br\/index.php?rest_route=\/wp\/v2\/pages"}],"about":[{"href":"http:\/\/dihoffmann.com.br\/index.php?rest_route=\/wp\/v2\/types\/page"}],"author":[{"embeddable":true,"href":"http:\/\/dihoffmann.com.br\/index.php?rest_route=\/wp\/v2\/users\/1"}],"replies":[{"embeddable":true,"href":"http:\/\/dihoffmann.com.br\/index.php?rest_route=%2Fwp%2Fv2%2Fcomments&post=3057"}],"version-history":[{"count":11,"href":"http:\/\/dihoffmann.com.br\/index.php?rest_route=\/wp\/v2\/pages\/3057\/revisions"}],"predecessor-version":[{"id":3086,"href":"http:\/\/dihoffmann.com.br\/index.php?rest_route=\/wp\/v2\/pages\/3057\/revisions\/3086"}],"wp:attachment":[{"href":"http:\/\/dihoffmann.com.br\/index.php?rest_route=%2Fwp%2Fv2%2Fmedia&parent=3057"}],"curies":[{"name":"wp","href":"https:\/\/api.w.org\/{rel}","templated":true}]}}